{"id":14869,"date":"2019-05-02T00:29:11","date_gmt":"2019-05-02T03:29:11","guid":{"rendered":"http:\/\/demo.qodeinteractive.com\/bridge34\/?page_id=14869"},"modified":"2022-02-06T12:17:54","modified_gmt":"2022-02-06T15:17:54","slug":"home","status":"publish","type":"page","link":"https:\/\/nuvula.com.br\/","title":{"rendered":"Nuvula | Automa\u00e7\u00e3o Residencial"},"content":{"rendered":"<div class=\"wpb-content-wrapper\"><p>[vc_row row_type=&#8221;parallax&#8221; parallax_content_width=&#8221;in_grid&#8221; text_align=&#8221;left&#8221; full_screen_section_height=&#8221;no&#8221; anchor=&#8221;sobre&#8221; background_image=&#8221;16512&#8243; section_height=&#8221;1080&#8243;][vc_column][vc_separator type=&#8221;transparent&#8221; up=&#8221;30&#8243; down=&#8221;0&#8243;]<div class=\"custom_font_holder\" style=\"font-family: Raleway; font-size: 50px; line-height: 60px; font-style: normal; font-weight: 600; color: #000000; text-decoration: none; letter-spacing: 0px;border: 1px solid #ffffff;border-width: 0px; text-align: center;\">Sobre<\/div>[vc_separator type=&#8221;transparent&#8221; up=&#8221;50&#8243; down=&#8221;0&#8243;]<div class=\"custom_font_holder\" style=\"font-family: Raleway; font-size: 22px; line-height: 35px; font-style: normal; font-weight: 600; color: #000000; text-decoration: none; letter-spacing: 0px;border: 1px solid #ffffff;border-width: 0px; text-align: left;\">A automa\u00e7\u00e3o residencial da Nuvula \u00e9 resultado de mais de 5 anos de pesquisa e estudo de melhores pr\u00e1ticas de conectividade, confiabilidade e seguran\u00e7a. Nossa objetivo \u00e9 a total satisfa\u00e7\u00e3o e conforto do cliente, a um custo bem reduzido, em compara\u00e7\u00e3o a outras solu\u00e7\u00f5es de automa\u00e7\u00e3o do mercado.<\/div>[vc_separator type=&#8221;transparent&#8221; up=&#8221;20&#8243; down=&#8221;0&#8243;]<div class=\"custom_font_holder\" style=\"font-family: Raleway; font-size: 22px; line-height: 35px; font-style: normal; font-weight: 600; color: #000000; text-decoration: none; letter-spacing: 0px;border: 1px solid #ffffff;border-width: 0px; text-align: left;\">Temos grande experi\u00eancia no segmento de el\u00e9trica e eletr\u00f4nica, a fim de entregar os melhores projetos de automa\u00e7\u00e3o residencial. Proporcionamos aos nossos clientes o melhor atendimento e extensiva customiza\u00e7\u00e3o da solu\u00e7\u00e3o.<\/div>[vc_separator type=&#8221;transparent&#8221; up=&#8221;20&#8243; down=&#8221;0&#8243;]<div class=\"custom_font_holder\" style=\"font-family: Raleway; font-size: 22px; line-height: 35px; font-style: normal; font-weight: 600; color: #000000; text-decoration: none; letter-spacing: 0px;border: 1px solid #ffffff;border-width: 0px; text-align: left;\">Utilizamos a planta do seu im\u00f3vel para desenvolver o painel de controle no tablet. Todas as fun\u00e7\u00f5es remotas contam com total seguran\u00e7a, baseada em SSL, a mesma tecnologia de institui\u00e7\u00f5es banc\u00e1rias.<\/div>[vc_separator type=&#8221;transparent&#8221; up=&#8221;20&#8243; down=&#8221;0&#8243;][vc_row_inner row_type=&#8221;row&#8221; type=&#8221;full_width&#8221; text_align=&#8221;left&#8221; css_animation=&#8221;&#8221;][vc_column_inner width=&#8221;2\/3&#8243;][vc_gallery interval=&#8221;3&#8243; images=&#8221;16468,16470,16469&#8243; img_size=&#8221;medium&#8221; onclick=&#8221;&#8221; pause_on_hover=&#8221;yes&#8221;][\/vc_column_inner][vc_column_inner width=&#8221;1\/3&#8243;][\/vc_column_inner][\/vc_row_inner][\/vc_column][\/vc_row][vc_row row_type=&#8221;parallax&#8221; parallax_content_width=&#8221;in_grid&#8221; text_align=&#8221;center&#8221; full_screen_section_height=&#8221;no&#8221; anchor=&#8221;automacao&#8221; background_image=&#8221;16450&#8243; section_height=&#8221;1200&#8243; el_class=&#8221;border_around_text&#8221; css=&#8221;.vc_custom_1644072988940{background-color: #ffffff !important;}&#8221;][vc_column][vc_separator type=&#8221;transparent&#8221; up=&#8221;30&#8243; down=&#8221;0&#8243;]<div class=\"custom_font_holder\" style=\"font-family: Raleway; font-size: 50px; line-height: 60px; font-style: normal; font-weight: 600; color: #000000; text-decoration: none; letter-spacing: 0px;border: 1px solid #ffffff;border-width: 0px; text-align: center;\">Automa\u00e7\u00e3o de Ilumina\u00e7\u00e3o e Variedades<\/div>[vc_separator type=&#8221;transparent&#8221; up=&#8221;50&#8243; down=&#8221;0&#8243;][vc_row_inner row_type=&#8221;row&#8221; type=&#8221;full_width&#8221; text_align=&#8221;left&#8221; css_animation=&#8221;&#8221;][vc_column_inner width=&#8221;1\/6&#8243;][\/vc_column_inner][vc_column_inner width=&#8221;2\/3&#8243;]<div class=\"custom_font_holder\" style=\"font-family: Raleway; font-size: 22px; line-height: 35px; font-style: normal; font-weight: 600; color: #000000; text-decoration: none; letter-spacing: 0px;border: 1px solid #ffffff;border-width: 0px; text-align: left;\">O que \u00e9 poss\u00edvel fazer? Temporiza\u00e7\u00e3o para ligar e desligar circuitos, como jardim, irriga\u00e7\u00e3o, tomadas, hidromassagem, ofur\u00f4, bomba de filtragem e cascata de piscina. Tamb\u00e9m \u00e9 poss\u00edvel programar acionamento baseado em agenda, nascer e p\u00f4r do sol, chegada e sa\u00edda de moradores como acender luzes da garagem e entrada ao chegar em casa, num determinado hor\u00e1rio.<\/div>[\/vc_column_inner][vc_column_inner width=&#8221;1\/6&#8243;][\/vc_column_inner][\/vc_row_inner][vc_separator type=&#8221;transparent&#8221; up=&#8221;30&#8243; down=&#8221;0&#8243;]<span class=\"separator_with_icon\" ><i class=\"fa fa-cloud\"><\/i><\/span>[vc_row_inner row_type=&#8221;row&#8221; type=&#8221;full_width&#8221; text_align=&#8221;left&#8221; css_animation=&#8221;&#8221;][vc_column_inner width=&#8221;5\/6&#8243;]<div class=\"custom_font_holder\" style=\"font-family: Raleway; font-size: 20px; line-height: 30px; font-style: normal; font-weight: 600; color: #000000; text-decoration: none; letter-spacing: 0px;border: 1px solid #ffffff;border-width: 0px; text-align: left;\">\n<p>Constru\u00edmos sistemas sob medida para deixar a sua casa em um lugar mais confort\u00e1vel e inteligente. Que tal transformar sua casa em uma smarthome? Os sistemas de automa\u00e7\u00e3o residencial atuais, simplificam sua vida, criam clima, d\u00e3o vida ao ambiente, aumentam a seguran\u00e7a de sua fam\u00edlia e ajudam a economizar energia, al\u00e9m de deixar sua casa muito inteligente tomando as decis\u00f5es por voc\u00ea. Com tantos benef\u00edcios, n\u00e3o \u00e9 surpresa que a automa\u00e7\u00e3o residencial seja considerada uma prioridade em muitos lares modernos. Simplicidade de uso, retorno sobre o investimento e controle total s\u00e3o os grandes diferenciais que voc\u00ea pode ter em sua casa.<\/p>\n<\/div>[\/vc_column_inner][vc_column_inner width=&#8221;1\/6&#8243;][vc_single_image image=&#8221;16402&#8243; img_size=&#8221;medium&#8221; alignment=&#8221;center&#8221; style=&#8221;vc_box_outline_circle_2&#8243; qode_css_animation=&#8221;&#8221; qode_hover_animation=&#8221;darken&#8221;][\/vc_column_inner][\/vc_row_inner][vc_separator type=&#8221;transparent&#8221; up=&#8221;30&#8243; down=&#8221;0&#8243;]<span class=\"separator_with_icon\" ><i class=\"fa fa-cloud\"><\/i><\/span>[vc_row_inner row_type=&#8221;row&#8221; type=&#8221;full_width&#8221; text_align=&#8221;left&#8221; css_animation=&#8221;&#8221;][vc_column_inner width=&#8221;1\/6&#8243;][vc_single_image image=&#8221;16409&#8243; img_size=&#8221;medium&#8221; alignment=&#8221;center&#8221; style=&#8221;vc_box_outline_circle_2&#8243; qode_css_animation=&#8221;&#8221; qode_hover_animation=&#8221;darken&#8221;][\/vc_column_inner][vc_column_inner width=&#8221;5\/6&#8243;]<div class=\"custom_font_holder\" style=\"font-family: Raleway; font-size: 20px; line-height: 30px; font-style: normal; font-weight: 600; color: #000000; text-decoration: none; letter-spacing: 0px;border: 1px solid #ffffff;border-width: 0px; text-align: left;\">A ilumina\u00e7\u00e3o automatizada proporciona conforto, economia e seguran\u00e7a. O conforto vem da facilidade de uso. Acenda e apague suas luzes de qualquer lugar do mundo, sem precisar se levantar do sof\u00e1! Que tal criar uma cena para quando chegar em casa a noite? E outra cena para ligar a ilumina\u00e7\u00e3o das \u00e1reas comuns ou jardins ao anoitecer? Deixar a ilumina\u00e7\u00e3o da sala de TV pronta para assistir um filme? Isso \u00e9 poss\u00edvel com apenas um toque no seu smartphone ou tablet.<\/div>[\/vc_column_inner][\/vc_row_inner][vc_separator type=&#8221;transparent&#8221; up=&#8221;30&#8243; down=&#8221;0&#8243;]<span class=\"separator_with_icon\" ><i class=\"fa fa-cloud\"><\/i><\/span>[vc_row_inner row_type=&#8221;row&#8221; type=&#8221;full_width&#8221; text_align=&#8221;left&#8221; css_animation=&#8221;&#8221;][vc_column_inner width=&#8221;5\/6&#8243;]<div class=\"custom_font_holder\" style=\"font-family: Raleway; font-size: 20px; line-height: 30px; font-style: normal; font-weight: 600; color: #000000; text-decoration: none; letter-spacing: 0px;border: 1px solid #ffffff;border-width: 0px; text-align: left;\">Nunca mais esque\u00e7a luzes ligadas! Quando a \u00faltima pessoa sair, a automa\u00e7\u00e3o desliga tudo para voc\u00ea! Isso significa economia de energia e prolonga vida \u00fatil das l\u00e2mpadas.<\/div>[\/vc_column_inner][vc_column_inner width=&#8221;1\/6&#8243;][vc_single_image image=&#8221;16413&#8243; img_size=&#8221;medium&#8221; alignment=&#8221;center&#8221; style=&#8221;vc_box_outline_circle_2&#8243; qode_css_animation=&#8221;&#8221; qode_hover_animation=&#8221;darken&#8221;][\/vc_column_inner][\/vc_row_inner][vc_separator type=&#8221;transparent&#8221; up=&#8221;30&#8243; down=&#8221;0&#8243;]<span class=\"separator_with_icon\" ><i class=\"fa fa-cloud\"><\/i><\/span>[vc_row_inner row_type=&#8221;row&#8221; type=&#8221;full_width&#8221; text_align=&#8221;left&#8221; css_animation=&#8221;&#8221;][vc_column_inner width=&#8221;1\/6&#8243;][vc_single_image image=&#8221;16410&#8243; img_size=&#8221;medium&#8221; alignment=&#8221;center&#8221; style=&#8221;vc_box_outline_circle_2&#8243; qode_css_animation=&#8221;&#8221; qode_hover_animation=&#8221;darken&#8221;][\/vc_column_inner][vc_column_inner width=&#8221;5\/6&#8243;]<div class=\"custom_font_holder\" style=\"font-family: Raleway; font-size: 20px; line-height: 30px; font-style: normal; font-weight: 600; color: #000000; text-decoration: none; letter-spacing: 0px;border: 1px solid #ffffff;border-width: 0px; text-align: left;\">O controle da automa\u00e7\u00e3o \u00e9 centralizado e distribu\u00eddo, ao mesmo tempo. O sistema de controle centralizado possibilita transformar seu smartphone ou tablet em uma central de controle do seu ambiente, que funciona quando se est\u00e1 no pr\u00f3prio ambiente ou em qualquer lugar do mundo com conex\u00e3o via internet. O sistema de controle distribu\u00eddo permite que voc\u00ea controle a ilumina\u00e7\u00e3o da forma tradicional, ao toque de uma tecla na parede. E o melhor, os dois controles s\u00e3o integrados!<\/div>[\/vc_column_inner][\/vc_row_inner][vc_separator type=&#8221;transparent&#8221; up=&#8221;370&#8243; down=&#8221;0&#8243;][\/vc_column][\/vc_row][vc_row row_type=&#8221;parallax&#8221; parallax_content_width=&#8221;in_grid&#8221; text_align=&#8221;left&#8221; full_screen_section_height=&#8221;no&#8221; anchor=&#8221;projetos&#8221; background_image=&#8221;16454&#8243; section_height=&#8221;1080&#8243;][vc_column][vc_separator type=&#8221;transparent&#8221; up=&#8221;30&#8243; down=&#8221;0&#8243;]<div class=\"custom_font_holder\" style=\"font-family: Raleway; font-size: 50px; line-height: 60px; font-style: normal; font-weight: 600; color: #ffffff; text-decoration: none; letter-spacing: 0px;border: 1px solid #ffffff;border-width: 0px; text-align: center;\">Projetos<\/div>[vc_separator type=&#8221;transparent&#8221; up=&#8221;50&#8243; down=&#8221;0&#8243;]<div class=\"custom_font_holder\" style=\"font-family: Raleway; font-size: 22px; line-height: 35px; font-style: normal; font-weight: 600; color: #ffffff; text-decoration: none; letter-spacing: 0px;border: 1px solid #ffffff;border-width: 0px; text-align: left;\">O projeto \u00e9 a fase inicial e mais importante do sistema de automa\u00e7\u00e3o. Desenhamos e executamos projetos que podem ser instalados em qualquer um de seus ambientes (casa, escrit\u00f3rio, etc.), garantindo um trabalho \u00fanico e evitando resultados abaixo da expectativa. Afinal, o nosso objetivo \u00e9 superar sua expectativa!<\/div>[vc_separator type=&#8221;transparent&#8221; up=&#8221;50&#8243; down=&#8221;0&#8243;]<div class=\"custom_font_holder\" style=\"font-family: Raleway; font-size: 22px; line-height: 35px; font-style: normal; font-weight: 600; color: #ffffff; text-decoration: none; letter-spacing: 0px;border: 1px solid #ffffff;border-width: 0px; text-align: left;\">Um ponto crucial ao desenvolver uma solu\u00e7\u00e3o de automa\u00e7\u00e3o \u00e9 cria\u00e7\u00e3o do projeto f\u00edsico que prepara o ambiente para receber a central de automa\u00e7\u00e3o, as teclas de parede e o cabeamento. Isso assegura que todas as op\u00e7\u00f5es escolhidas possam ser instaladas, e d\u00e1 margem a futuras altera\u00e7\u00f5es e adi\u00e7\u00f5es ao projeto original, sem necessidade de futuras reformas no im\u00f3vel, minimizando o custo e tempo. Adapta\u00e7\u00f5es futuras, p\u00f3s obra e sem este planejamento s\u00e3o caras, trabalhosas e geram desconfortos.<\/div>[vc_separator type=&#8221;transparent&#8221; up=&#8221;50&#8243; down=&#8221;0&#8243;]<div class='qode_carousels_holder clearfix'><div class='qode_carousels' data-number-of-visible-items='4'><ul class='slides'><li class='item'><div class=\"carousel_item_holder\"><span class='first_image_holder '><img decoding=\"async\" itemprop=\"image\" src=\"https:\/\/nuvula.com.br\/wp-content\/uploads\/2022\/02\/projetos1.jpg\" alt=\"carousel image\" \/><\/span><\/div><\/li><li class='item'><div class=\"carousel_item_holder\"><span class='first_image_holder '><img decoding=\"async\" itemprop=\"image\" src=\"https:\/\/nuvula.com.br\/wp-content\/uploads\/2022\/02\/projetos2.png\" alt=\"carousel image\" \/><\/span><\/div><\/li><li class='item'><div class=\"carousel_item_holder\"><span class='first_image_holder '><img decoding=\"async\" itemprop=\"image\" src=\"https:\/\/nuvula.com.br\/wp-content\/uploads\/2022\/02\/projetos3.jpg\" alt=\"carousel image\" \/><\/span><\/div><\/li><li class='item'><div class=\"carousel_item_holder\"><span class='first_image_holder '><img decoding=\"async\" itemprop=\"image\" src=\"https:\/\/nuvula.com.br\/wp-content\/uploads\/2022\/02\/projetos4.jpg\" alt=\"carousel image\" \/><\/span><\/div><\/li><li class='item'><div class=\"carousel_item_holder\"><span class='first_image_holder '><img decoding=\"async\" itemprop=\"image\" src=\"https:\/\/nuvula.com.br\/wp-content\/uploads\/2022\/02\/projetos5.jpg\" alt=\"carousel image\" \/><\/span><\/div><\/li><li class='item'><div class=\"carousel_item_holder\"><span class='first_image_holder '><img decoding=\"async\" itemprop=\"image\" src=\"https:\/\/nuvula.com.br\/wp-content\/uploads\/2022\/02\/projetos6.jpg\" alt=\"carousel image\" \/><\/span><\/div><\/li><li class='item'><div class=\"carousel_item_holder\"><span class='first_image_holder '><img decoding=\"async\" itemprop=\"image\" src=\"https:\/\/nuvula.com.br\/wp-content\/uploads\/2022\/02\/projetos7.jpg\" alt=\"carousel image\" \/><\/span><\/div><\/li><li class='item'><div class=\"carousel_item_holder\"><span class='first_image_holder '><img decoding=\"async\" itemprop=\"image\" src=\"https:\/\/nuvula.com.br\/wp-content\/uploads\/2022\/02\/projetos8.jpg\" alt=\"carousel image\" \/><\/span><\/div><\/li><\/ul><\/div><\/div>[vc_separator type=&#8221;transparent&#8221; up=&#8221;100&#8243; down=&#8221;0&#8243;][\/vc_column][\/vc_row][vc_row row_type=&#8221;parallax&#8221; parallax_content_width=&#8221;in_grid&#8221; text_align=&#8221;center&#8221; full_screen_section_height=&#8221;no&#8221; anchor=&#8221;servicos&#8221; background_image=&#8221;16443&#8243; section_height=&#8221;1080&#8243; el_class=&#8221;border_around_text&#8221;][vc_column][vc_separator type=&#8221;transparent&#8221; up=&#8221;30&#8243; down=&#8221;0&#8243;]<div class=\"custom_font_holder\" style=\"font-family: Raleway; font-size: 50px; line-height: 60px; font-style: normal; font-weight: 600; color: #000000; text-decoration: none; letter-spacing: 0px;border: 1px solid #ffffff;border-width: 0px; text-align: center;\">Servi\u00e7os<\/div>[vc_separator type=&#8221;transparent&#8221; up=&#8221;20&#8243; down=&#8221;0&#8243;][vc_row_inner row_type=&#8221;row&#8221; type=&#8221;full_width&#8221; text_align=&#8221;left&#8221; css_animation=&#8221;&#8221;][vc_column_inner width=&#8221;1\/4&#8243;][vc_single_image image=&#8221;16418&#8243; img_size=&#8221;full&#8221; qode_css_animation=&#8221;&#8221;][vc_separator type=&#8221;transparent&#8221; up=&#8221;100&#8243; down=&#8221;0&#8243;][vc_single_image image=&#8221;16419&#8243; img_size=&#8221;full&#8221; qode_css_animation=&#8221;&#8221;][vc_separator type=&#8221;transparent&#8221; up=&#8221;100&#8243; down=&#8221;0&#8243;][vc_single_image image=&#8221;16420&#8243; img_size=&#8221;full&#8221; qode_css_animation=&#8221;&#8221;][\/vc_column_inner][vc_column_inner width=&#8221;3\/4&#8243;]<div class='q_list circle animate_list'><\/p>\n<ul>\n<li><span style=\"color: #000000; font-size: 20px;\">Consultoria T\u00e9cnica<\/span><\/li>\n<li><span style=\"color: #000000; font-size: 20px;\">Ajudamos na escolha dos melhores equipamentos, an\u00e1lises de propostas t\u00e9cnicas e demais solu\u00e7\u00f5es de automa\u00e7\u00e3o.<\/span><\/li>\n<li><span style=\"color: #000000; font-size: 20px;\">Instala\u00e7\u00e3o, configura\u00e7\u00e3o e montagem de quadros de automa\u00e7\u00e3o<\/span><\/li>\n<li><span style=\"color: #000000; font-size: 20px;\">Instalamos todos os equipamentos necess\u00e1rios ao pleno funcionamento da automa\u00e7\u00e3o, sempre atentos \u00e0s melhores pr\u00e1ticas el\u00e9tricas e eletr\u00f4nicas. Tamb\u00e9m trabalhamos com o acompanhamento da instala\u00e7\u00e3o el\u00e9trica e dados, com suporte no local do in\u00edcio ao fim da instala\u00e7\u00e3o. Dessa forma, conseguimos garantir a excel\u00eancia no resultado final e atingir, sen\u00e3o superar, suas expectativas.<\/span><\/li>\n<li><span style=\"color: #000000; font-size: 20px;\">Nossos quadros de automa\u00e7\u00e3o seguem para o local de instala\u00e7\u00e3o completamente prontos e testados em laborat\u00f3rio, sendo necess\u00e1rio somente fix\u00e1-lo no local determinado no projeto e fazer as conex\u00f5es externas, como cabos para l\u00e2mpadas, circuitos, tomadas e teclas. Esta pr\u00e1tica diminui consideravelmente o tempo de perman\u00eancia no local de instala\u00e7\u00e3o e tamb\u00e9m evita erros de montagem no local.<\/span><\/li>\n<li><span style=\"color: #000000; font-size: 20px;\">Manuten\u00e7\u00e3o, Reposi\u00e7\u00e3o e Suporte local ou remoto<\/span><\/li>\n<li><span style=\"color: #000000; font-size: 20px;\">Realizamos acompanhamento preventivo dos sistemas de automa\u00e7\u00e3o ap\u00f3s a instala\u00e7\u00e3o, monitoramento ativo, com a autoriza\u00e7\u00e3o do cliente. Caso haja necessidade de manuten\u00e7\u00e3o detectada pelo cliente ou por nosso monitoramento ativo, nossa resposta \u00e9 imediata, garantindo o perfeito funcionamento do sistema. O tipo de manuten\u00e7\u00e3o determina se o suporte \u00e9 remoto ou local, com ou sem necessidade de reposi\u00e7\u00e3o de componentes.<\/span><\/li>\n<\/ul>\n<p><\/div>[\/vc_column_inner][\/vc_row_inner][\/vc_column][\/vc_row][vc_row row_type=&#8221;parallax&#8221; parallax_content_width=&#8221;in_grid&#8221; text_align=&#8221;center&#8221; full_screen_section_height=&#8221;no&#8221; anchor=&#8221;contato&#8221; el_class=&#8221;border_around_text&#8221; background_image=&#8221;16445&#8243; section_height=&#8221;1080&#8243;][vc_column][vc_separator type=&#8221;transparent&#8221; up=&#8221;30&#8243; down=&#8221;0&#8243;]<div class=\"custom_font_holder\" style=\"font-family: Raleway; font-size: 50px; line-height: 60px; font-style: normal; font-weight: 600; color: #ffffff; text-decoration: none; letter-spacing: 0px;border: 1px solid #ffffff;border-width: 0px; text-align: center;\">Contato<\/div>[vc_separator type=&#8221;transparent&#8221; up=&#8221;20&#8243; down=&#8221;0&#8243;]<div class=\"custom_font_holder\" style=\"font-family: Raleway; font-size: 22px; line-height: 35px; font-style: normal; font-weight: 600; color: #ffffff; text-decoration: none; letter-spacing: 0px;border: 1px solid #ffffff;border-width: 0px; text-align: center;\">Entre em contato conosco pelo formul\u00e1rio abaixo:<\/div>[vc_separator type=&#8221;transparent&#8221; up=&#8221;10&#8243; down=&#8221;0&#8243;][vc_row_inner row_type=&#8221;row&#8221; type=&#8221;full_width&#8221; text_align=&#8221;left&#8221; css_animation=&#8221;&#8221;][vc_column_inner width=&#8221;1\/4&#8243;][\/vc_column_inner][vc_column_inner width=&#8221;1\/2&#8243;]\n<div class=\"wpcf7 no-js\" id=\"wpcf7-f16385-o1\" lang=\"pt-BR\" dir=\"ltr\" data-wpcf7-id=\"16385\">\n<div class=\"screen-reader-response\"><p role=\"status\" aria-live=\"polite\" aria-atomic=\"true\"><\/p> <ul><\/ul><\/div>\n<form action=\"\/index.php\/wp-json\/wp\/v2\/pages\/14869#wpcf7-f16385-o1\" method=\"post\" class=\"wpcf7-form init default\" aria-label=\"Formul\u00e1rios de contato\" novalidate=\"novalidate\" data-status=\"init\">\n<fieldset class=\"hidden-fields-container\"><input type=\"hidden\" name=\"_wpcf7\" value=\"16385\" \/><input type=\"hidden\" name=\"_wpcf7_version\" value=\"6.1.5\" \/><input type=\"hidden\" name=\"_wpcf7_locale\" value=\"pt_BR\" \/><input type=\"hidden\" name=\"_wpcf7_unit_tag\" value=\"wpcf7-f16385-o1\" \/><input type=\"hidden\" name=\"_wpcf7_container_post\" value=\"0\" \/><input type=\"hidden\" name=\"_wpcf7_posted_data_hash\" value=\"\" \/><input type=\"hidden\" name=\"_wpcf7_recaptcha_response\" value=\"\" \/>\n<\/fieldset>\n<p><label> Nome<br \/>\n<span class=\"wpcf7-form-control-wrap\" data-name=\"your-name\"><input size=\"40\" maxlength=\"400\" class=\"wpcf7-form-control wpcf7-text wpcf7-validates-as-required\" aria-required=\"true\" aria-invalid=\"false\" value=\"\" type=\"text\" name=\"your-name\" \/><\/span> <\/label>\n<\/p>\n<p><label> Email<br \/>\n<span class=\"wpcf7-form-control-wrap\" data-name=\"your-email\"><input size=\"40\" maxlength=\"400\" class=\"wpcf7-form-control wpcf7-email wpcf7-validates-as-required wpcf7-text wpcf7-validates-as-email\" aria-required=\"true\" aria-invalid=\"false\" value=\"\" type=\"email\" name=\"your-email\" \/><\/span> <\/label>\n<\/p>\n<p><label> Telefone<br \/>\n<span class=\"wpcf7-form-control-wrap\" data-name=\"your-phone\"><input size=\"40\" maxlength=\"400\" class=\"wpcf7-form-control wpcf7-tel wpcf7-validates-as-required wpcf7-text wpcf7-validates-as-tel\" aria-required=\"true\" aria-invalid=\"false\" value=\"\" type=\"tel\" name=\"your-phone\" \/><\/span> <\/label>\n<\/p>\n<p><label> Mensagem<br \/>\n<span class=\"wpcf7-form-control-wrap\" data-name=\"your-message\"><textarea cols=\"40\" rows=\"10\" maxlength=\"2000\" class=\"wpcf7-form-control wpcf7-textarea wpcf7-validates-as-required\" aria-required=\"true\" aria-invalid=\"false\" name=\"your-message\"><\/textarea><\/span> <\/label>\n<\/p>\n<p><input class=\"wpcf7-form-control wpcf7-submit has-spinner\" type=\"submit\" value=\"Enviar\" \/>\n<\/p><div class=\"wpcf7-response-output\" aria-hidden=\"true\"><\/div>\n<\/form>\n<\/div>\n[\/vc_column_inner][vc_column_inner width=&#8221;1\/4&#8243;][\/vc_column_inner][\/vc_row_inner][vc_separator type=&#8221;transparent&#8221; up=&#8221;100&#8243; down=&#8221;0&#8243;][\/vc_column][\/vc_row]<\/p>\n<\/div>","protected":false},"excerpt":{"rendered":"<p>[vc_row row_type=&#8221;parallax&#8221; parallax_content_width=&#8221;in_grid&#8221; text_align=&#8221;left&#8221; full_screen_section_height=&#8221;no&#8221; anchor=&#8221;sobre&#8221; background_image=&#8221;16512&#8243; section_height=&#8221;1080&#8243;][vc_column][vc_separator type=&#8221;transparent&#8221; up=&#8221;30&#8243; down=&#8221;0&#8243;][vc_separator type=&#8221;transparent&#8221; up=&#8221;50&#8243; down=&#8221;0&#8243;][vc_separator type=&#8221;transparent&#8221; up=&#8221;20&#8243; down=&#8221;0&#8243;][vc_separator type=&#8221;transparent&#8221; up=&#8221;20&#8243; down=&#8221;0&#8243;][vc_separator type=&#8221;transparent&#8221; up=&#8221;20&#8243; down=&#8221;0&#8243;][vc_row_inner row_type=&#8221;row&#8221; type=&#8221;full_width&#8221; text_align=&#8221;left&#8221; css_animation=&#8221;&#8221;][vc_column_inner width=&#8221;2\/3&#8243;][vc_gallery interval=&#8221;3&#8243; images=&#8221;16468,16470,16469&#8243; img_size=&#8221;medium&#8221; onclick=&#8221;&#8221; pause_on_hover=&#8221;yes&#8221;][\/vc_column_inner][vc_column_inner width=&#8221;1\/3&#8243;][\/vc_column_inner][\/vc_row_inner][\/vc_column][\/vc_row][vc_row row_type=&#8221;parallax&#8221; parallax_content_width=&#8221;in_grid&#8221; text_align=&#8221;center&#8221; full_screen_section_height=&#8221;no&#8221; anchor=&#8221;automacao&#8221; background_image=&#8221;16450&#8243; section_height=&#8221;1200&#8243; el_class=&#8221;border_around_text&#8221; css=&#8221;.vc_custom_1644072988940{background-color: #ffffff !important;}&#8221;][vc_column][vc_separator&#8230;<\/p>\n","protected":false},"author":2,"featured_media":0,"parent":0,"menu_order":0,"comment_status":"open","ping_status":"closed","template":"full_width.php","meta":{"footnotes":""},"class_list":["post-14869","page","type-page","status-publish","hentry"],"_links":{"self":[{"href":"https:\/\/nuvula.com.br\/index.php\/wp-json\/wp\/v2\/pages\/14869","targetHints":{"allow":["GET"]}}],"collection":[{"href":"https:\/\/nuvula.com.br\/index.php\/wp-json\/wp\/v2\/pages"}],"about":[{"href":"https:\/\/nuvula.com.br\/index.php\/wp-json\/wp\/v2\/types\/page"}],"author":[{"embeddable":true,"href":"https:\/\/nuvula.com.br\/index.php\/wp-json\/wp\/v2\/users\/2"}],"replies":[{"embeddable":true,"href":"https:\/\/nuvula.com.br\/index.php\/wp-json\/wp\/v2\/comments?post=14869"}],"version-history":[{"count":0,"href":"https:\/\/nuvula.com.br\/index.php\/wp-json\/wp\/v2\/pages\/14869\/revisions"}],"wp:attachment":[{"href":"https:\/\/nuvula.com.br\/index.php\/wp-json\/wp\/v2\/media?parent=14869"}],"curies":[{"name":"wp","href":"https:\/\/api.w.org\/{rel}","templated":true}]}}